{"id":125,"date":"2025-10-03T11:29:55","date_gmt":"2025-10-03T15:29:55","guid":{"rendered":"https:\/\/www.plancherultime.com\/?page_id=125"},"modified":"2025-10-03T15:43:40","modified_gmt":"2025-10-03T19:43:40","slug":"demander-une-soumission","status":"publish","type":"page","link":"https:\/\/www.plancherultime.com\/fr\/demander-une-soumission\/","title":{"rendered":"DEMANDER UNE SOUMISSION"},"content":{"rendered":"<div data-elementor-type=\"wp-page\" data-elementor-id=\"125\" class=\"elementor elementor-125\">\n\t\t\t\t\t\t<section class=\"elementor-section elementor-top-section elementor-element elementor-element-0bb99a2 elementor-section-stretched elementor-section-boxed elementor-section-height-default elementor-section-height-default\" data-id=\"0bb99a2\" data-element_type=\"section\" data-settings=\"{&quot;stretch_section&quot;:&quot;section-stretched&quot;}\">\n\t\t\t\t\t\t<div class=\"elementor-container elementor-column-gap-wider\">\n\t\t\t\t\t<div class=\"elementor-column elementor-col-100 elementor-top-column elementor-element elementor-element-afcd90f\" data-id=\"afcd90f\" data-element_type=\"column\">\n\t\t\t<div class=\"elementor-widget-wrap elementor-element-populated\">\n\t\t\t\t\t\t<section class=\"elementor-section elementor-inner-section elementor-element elementor-element-c26d874 elementor-section-boxed elementor-section-height-default elementor-section-height-default\" data-id=\"c26d874\" data-element_type=\"section\">\n\t\t\t\t\t\t<div class=\"elementor-container elementor-column-gap-default\">\n\t\t\t\t\t<div class=\"elementor-column elementor-col-100 elementor-inner-column elementor-element elementor-element-7bec90e\" data-id=\"7bec90e\" data-element_type=\"column\">\n\t\t\t<div class=\"elementor-widget-wrap elementor-element-populated\">\n\t\t\t\t\t\t<div class=\"elementor-element elementor-element-a91d322 elementor-widget elementor-widget-text-editor\" data-id=\"a91d322\" data-element_type=\"widget\" data-widget_type=\"text-editor.default\">\n\t\t\t\t<div class=\"elementor-widget-container\">\n\t\t\t\t\t\t\t\t\t<h5 class=\"themecolor\">ENVOYEZ-NOUS VOTRE DEMANDE<\/h5>\t\t\t\t\t\t\t\t<\/div>\n\t\t\t\t<\/div>\n\t\t\t\t<div class=\"elementor-element elementor-element-bb4e20d elementor-widget elementor-widget-text-editor\" data-id=\"bb4e20d\" data-element_type=\"widget\" data-widget_type=\"text-editor.default\">\n\t\t\t\t<div class=\"elementor-widget-container\">\n\t\t\t\t\t\t\t\t\t<h5>Obtenez une soumission rapide et gratuite pour vos travaux de plancher dans la r\u00e9gion de Lanaudi\u00e8re.<br data-start=\"3764\" data-end=\"3767\" \/>Remplissez notre formulaire ou contactez-nous directement pour discuter de vos besoins. Notre \u00e9quipe vous proposera une solution adapt\u00e9e \u00e0 votre projet et \u00e0 votre budget.<\/h5>\t\t\t\t\t\t\t\t<\/div>\n\t\t\t\t<\/div>\n\t\t\t\t\t<\/div>\n\t\t<\/div>\n\t\t\t\t\t<\/div>\n\t\t<\/section>\n\t\t\t\t<div class=\"elementor-element elementor-element-9dddfb3 elementor-widget elementor-widget-wpforms\" data-id=\"9dddfb3\" data-element_type=\"widget\" data-widget_type=\"wpforms.default\">\n\t\t\t\t<div class=\"elementor-widget-container\">\n\t\t\t\t\t<div class=\"wpforms-container wpforms-container-full\" id=\"wpforms-130\"><form id=\"wpforms-form-130\" class=\"wpforms-validate wpforms-form wpforms-ajax-form\" data-formid=\"130\" method=\"post\" enctype=\"multipart\/form-data\" action=\"\/fr\/wp-json\/wp\/v2\/pages\/125\" data-token=\"af44d59f998495bd3f6b529648775e0a\" data-trp-original-action=\"\/fr\/wp-json\/wp\/v2\/pages\/125\"><noscript class=\"wpforms-error-noscript\">Veuillez activer JavaScript dans votre navigateur pour remplir ce formulaire.<\/noscript><div class=\"wpforms-field-container\"><div id=\"wpforms-130-field_1-container\" class=\"wpforms-field wpforms-field-text\" data-field-id=\"1\"><label class=\"wpforms-field-label\" for=\"wpforms-130-field_1\">Pr\u00e9nom et nom de famille <span class=\"wpforms-required-label\">*<\/span><\/label><input type=\"text\" id=\"wpforms-130-field_1\" class=\"wpforms-field-large wpforms-field-required\" name=\"wpforms[fields][1]\" required><\/div><div id=\"wpforms-130-field_6-container\" class=\"wpforms-field wpforms-field-text\" data-field-id=\"6\"><label class=\"wpforms-field-label\" for=\"wpforms-130-field_6\">Adresse compl\u00e8te<\/label><input type=\"text\" id=\"wpforms-130-field_6\" class=\"wpforms-field-large\" name=\"wpforms[fields][6]\" ><\/div><div id=\"wpforms-130-field_2-container\" class=\"wpforms-field wpforms-field-email\" data-field-id=\"2\"><label class=\"wpforms-field-label\" for=\"wpforms-130-field_2\">Email <span class=\"wpforms-required-label\">*<\/span><\/label><input type=\"email\" id=\"wpforms-130-field_2\" class=\"wpforms-field-large wpforms-field-required\" name=\"wpforms[fields][2]\" required><\/div><div id=\"wpforms-130-field_3-container\" class=\"wpforms-field wpforms-field-phone\" data-field-id=\"3\"><label class=\"wpforms-field-label\" for=\"wpforms-130-field_3\">T\u00e9l\u00e9phone<\/label><input type=\"tel\" id=\"wpforms-130-field_3\" class=\"wpforms-field-large\" data-rule-int-phone-field=\"true\" name=\"wpforms[fields][3]\" ><\/div><div id=\"wpforms-130-field_7-container\" class=\"wpforms-field wpforms-field-checkbox\" data-field-id=\"7\"><label class=\"wpforms-field-label\" for=\"wpforms-130-field_7\">Type de service recherch\u00e9 <span class=\"wpforms-required-label\">*<\/span><\/label><ul id=\"wpforms-130-field_7\" class=\"wpforms-field-required\"><li class=\"choice-1 depth-1\"><input type=\"checkbox\" id=\"wpforms-130-field_7_1\" name=\"wpforms[fields][7][]\" value=\"Installation plancher flottant\" required><label class=\"wpforms-field-label-inline\" for=\"wpforms-130-field_7_1\">Installation plancher flottant<\/label><\/li><li class=\"choice-2 depth-1\"><input type=\"checkbox\" id=\"wpforms-130-field_7_2\" name=\"wpforms[fields][7][]\" value=\"Installation plancher vinyle\" required><label class=\"wpforms-field-label-inline\" for=\"wpforms-130-field_7_2\">Installation plancher vinyle<\/label><\/li><li class=\"choice-3 depth-1\"><input type=\"checkbox\" id=\"wpforms-130-field_7_3\" name=\"wpforms[fields][7][]\" value=\"Sablage et vernissage bois franc\" required><label class=\"wpforms-field-label-inline\" for=\"wpforms-130-field_7_3\">Sablage et vernissage bois franc<\/label><\/li><li class=\"choice-8 depth-1\"><input type=\"checkbox\" id=\"wpforms-130-field_7_8\" name=\"wpforms[fields][7][]\" value=\"Pose de c\u00e9ramique\" required><label class=\"wpforms-field-label-inline\" for=\"wpforms-130-field_7_8\">Pose de c\u00e9ramique<\/label><\/li><li class=\"choice-7 depth-1\"><input type=\"checkbox\" id=\"wpforms-130-field_7_7\" name=\"wpforms[fields][7][]\" value=\"Autre\" required><label class=\"wpforms-field-label-inline\" for=\"wpforms-130-field_7_7\">Autre<\/label><\/li><\/ul><\/div><div id=\"wpforms-130-field_8-container\" class=\"wpforms-field wpforms-field-text\" data-field-id=\"8\"><label class=\"wpforms-field-label\" for=\"wpforms-130-field_8\">Surface approximative \u00e0 couvrir (en pieds carr\u00e9s ou m\u00b2)<\/label><input type=\"text\" id=\"wpforms-130-field_8\" class=\"wpforms-field-large\" name=\"wpforms[fields][8]\" ><\/div><div id=\"wpforms-130-field_9-container\" class=\"wpforms-field wpforms-field-checkbox\" data-field-id=\"9\"><label class=\"wpforms-field-label\" for=\"wpforms-130-field_9\">Type de b\u00e2timent <span class=\"wpforms-required-label\">*<\/span><\/label><ul id=\"wpforms-130-field_9\" class=\"wpforms-field-required\"><li class=\"choice-1 depth-1\"><input type=\"checkbox\" id=\"wpforms-130-field_9_1\" name=\"wpforms[fields][9][]\" value=\"R\u00e9sidentiel\" required><label class=\"wpforms-field-label-inline\" for=\"wpforms-130-field_9_1\">R\u00e9sidentiel<\/label><\/li><li class=\"choice-2 depth-1\"><input type=\"checkbox\" id=\"wpforms-130-field_9_2\" name=\"wpforms[fields][9][]\" value=\"Commercial\" required><label class=\"wpforms-field-label-inline\" for=\"wpforms-130-field_9_2\">Commercial<\/label><\/li><li class=\"choice-3 depth-1\"><input type=\"checkbox\" id=\"wpforms-130-field_9_3\" name=\"wpforms[fields][9][]\" value=\"Autre\" required><label class=\"wpforms-field-label-inline\" for=\"wpforms-130-field_9_3\">Autre<\/label><\/li><\/ul><\/div><div id=\"wpforms-130-field_10-container\" class=\"wpforms-field wpforms-field-select wpforms-field-select-style-classic\" data-field-id=\"10\"><label class=\"wpforms-field-label\" for=\"wpforms-130-field_10\">D\u00e9lai souhait\u00e9 pour les travaux<\/label><select id=\"wpforms-130-field_10\" class=\"wpforms-field-medium\" name=\"wpforms[fields][10]\"><option value=\"D\u00e8s que possible\" >D\u00e8s que possible<\/option><option value=\"1-3 mois\" >1-3 mois<\/option><option value=\"Plus de 3 mois\" >Plus de 3 mois<\/option><\/select><\/div><div id=\"wpforms-130-field_5-container\" class=\"wpforms-field wpforms-field-textarea\" data-field-id=\"5\"><label class=\"wpforms-field-label\" for=\"wpforms-130-field_5\">Commentaires (D\u00e9tails ou pr\u00e9cisions sur votre projet)<\/label><textarea id=\"wpforms-130-field_5\" class=\"wpforms-field-large\" name=\"wpforms[fields][5]\" ><\/textarea><\/div><\/div><div class=\"wpforms-submit-container\"><input type=\"hidden\" name=\"wpforms[id]\" value=\"130\"><input type=\"hidden\" name=\"wpforms[author]\" value=\"1\"><button type=\"submit\" name=\"wpforms[submit]\" id=\"wpforms-submit-130\" class=\"wpforms-submit\" data-alt-text=\"En cours d&#039;envoi...\" data-submit-text=\"Envoyer\" aria-live=\"assertive\" value=\"wpforms-submit\">Envoyer<\/button><img decoding=\"async\" src=\"https:\/\/www.plancherultime.com\/wp-content\/plugins\/wpforms\/assets\/images\/submit-spin.svg\" class=\"wpforms-submit-spinner\" style=\"display: none;\" width=\"26\" height=\"26\" alt=\"\"><\/div><input type=\"hidden\" name=\"trp-form-language\" value=\"fr\"\/><\/form><\/div>  <!-- .wpforms-container -->\t\t\t\t<\/div>\n\t\t\t\t<\/div>\n\t\t\t\t\t<\/div>\n\t\t<\/div>\n\t\t\t\t\t<\/div>\n\t\t<\/section>\n\t\t\t\t<\/div>","protected":false},"excerpt":{"rendered":"<p>ENVOYEZ-NOUS VOTRE DEMANDE Obtenez une soumission rapide et gratuite pour vos travaux de plancher dans la r\u00e9gion de Lanaudi\u00e8re.Remplissez notre formulaire ou contactez-nous directement pour discuter<span class=\"excerpt-hellip\"> [\u2026]<\/span><\/p>","protected":false},"author":1,"featured_media":0,"parent":0,"menu_order":0,"comment_status":"closed","ping_status":"closed","template":"","meta":{"footnotes":""},"class_list":["post-125","page","type-page","status-publish","hentry"],"yoast_head":"<!-- This site is optimized with the Yoast SEO plugin v26.0 - https:\/\/yoast.com\/wordpress\/plugins\/seo\/ -->\n<title>DEMANDER UNE SOUMISSION - Plancher Ultime | Installation, sablage et pose de planchers \u00e0 Lanaudi\u00e8re<\/title>\n<meta name=\"description\" content=\"Obtenez une soumission gratuite et rapide pour l\u2019installation ou la r\u00e9novation de vos planchers : flottant, vinyle, bois franc, c\u00e9ramique. Service partout \u00e0 Lanaudi\u00e8re.\" \/>\n<meta name=\"robots\" content=\"index, follow, max-snippet:-1, max-image-preview:large, max-video-preview:-1\" \/>\n<link rel=\"canonical\" href=\"https:\/\/www.plancherultime.com\/fr\/demander-une-soumission\/\" \/>\n<meta property=\"og:locale\" content=\"fr_FR\" \/>\n<meta property=\"og:type\" content=\"article\" \/>\n<meta property=\"og:title\" content=\"DEMANDER UNE SOUMISSION - Plancher Ultime | Installation, sablage et pose de planchers \u00e0 Lanaudi\u00e8re\" \/>\n<meta property=\"og:description\" content=\"Obtenez une soumission gratuite et rapide pour l\u2019installation ou la r\u00e9novation de vos planchers : flottant, vinyle, bois franc, c\u00e9ramique. Service partout \u00e0 Lanaudi\u00e8re.\" \/>\n<meta property=\"og:url\" content=\"https:\/\/www.plancherultime.com\/fr\/demander-une-soumission\/\" \/>\n<meta property=\"og:site_name\" content=\"Plancher Ultime | Installation, sablage et pose de planchers \u00e0 Lanaudi\u00e8re\" \/>\n<meta property=\"article:modified_time\" content=\"2025-10-03T19:43:40+00:00\" \/>\n<meta name=\"twitter:card\" content=\"summary_large_image\" \/>\n<meta name=\"twitter:label1\" content=\"Dur\u00e9e de lecture estim\u00e9e\" \/>\n\t<meta name=\"twitter:data1\" content=\"1 minute\" \/>\n<script type=\"application\/ld+json\" class=\"yoast-schema-graph\">{\"@context\":\"https:\/\/schema.org\",\"@graph\":[{\"@type\":\"WebPage\",\"@id\":\"https:\/\/www.plancherultime.com\/demander-une-soumission\/\",\"url\":\"https:\/\/www.plancherultime.com\/demander-une-soumission\/\",\"name\":\"DEMANDER UNE SOUMISSION - Plancher Ultime | Installation, sablage et pose de planchers \u00e0 Lanaudi\u00e8re\",\"isPartOf\":{\"@id\":\"https:\/\/www.plancherultime.com\/#website\"},\"datePublished\":\"2025-10-03T15:29:55+00:00\",\"dateModified\":\"2025-10-03T19:43:40+00:00\",\"description\":\"Obtenez une soumission gratuite et rapide pour l\u2019installation ou la r\u00e9novation de vos planchers : flottant, vinyle, bois franc, c\u00e9ramique. Service partout \u00e0 Lanaudi\u00e8re.\",\"breadcrumb\":{\"@id\":\"https:\/\/www.plancherultime.com\/demander-une-soumission\/#breadcrumb\"},\"inLanguage\":\"fr-FR\",\"potentialAction\":[{\"@type\":\"ReadAction\",\"target\":[\"https:\/\/www.plancherultime.com\/demander-une-soumission\/\"]}]},{\"@type\":\"BreadcrumbList\",\"@id\":\"https:\/\/www.plancherultime.com\/demander-une-soumission\/#breadcrumb\",\"itemListElement\":[{\"@type\":\"ListItem\",\"position\":1,\"name\":\"Accueil\",\"item\":\"https:\/\/www.plancherultime.com\/\"},{\"@type\":\"ListItem\",\"position\":2,\"name\":\"DEMANDER UNE SOUMISSION\"}]},{\"@type\":\"WebSite\",\"@id\":\"https:\/\/www.plancherultime.com\/#website\",\"url\":\"https:\/\/www.plancherultime.com\/\",\"name\":\"Plancher Ultime | Installation, sablage et pose de planchers \u00e0 Lanaudi\u00e8re\",\"description\":\"\",\"potentialAction\":[{\"@type\":\"SearchAction\",\"target\":{\"@type\":\"EntryPoint\",\"urlTemplate\":\"https:\/\/www.plancherultime.com\/?s={search_term_string}\"},\"query-input\":{\"@type\":\"PropertyValueSpecification\",\"valueRequired\":true,\"valueName\":\"search_term_string\"}}],\"inLanguage\":\"fr-FR\"}]}<\/script>\n<!-- \/ Yoast SEO plugin. -->","yoast_head_json":{"title":"DEMANDER UNE SOUMISSION - Plancher Ultime | Installation, sablage et pose de planchers \u00e0 Lanaudi\u00e8re","description":"Obtenez une soumission gratuite et rapide pour l\u2019installation ou la r\u00e9novation de vos planchers : flottant, vinyle, bois franc, c\u00e9ramique. Service partout \u00e0 Lanaudi\u00e8re.","robots":{"index":"index","follow":"follow","max-snippet":"max-snippet:-1","max-image-preview":"max-image-preview:large","max-video-preview":"max-video-preview:-1"},"canonical":"https:\/\/www.plancherultime.com\/fr\/demander-une-soumission\/","og_locale":"fr_FR","og_type":"article","og_title":"DEMANDER UNE SOUMISSION - Plancher Ultime | Installation, sablage et pose de planchers \u00e0 Lanaudi\u00e8re","og_description":"Obtenez une soumission gratuite et rapide pour l\u2019installation ou la r\u00e9novation de vos planchers : flottant, vinyle, bois franc, c\u00e9ramique. Service partout \u00e0 Lanaudi\u00e8re.","og_url":"https:\/\/www.plancherultime.com\/fr\/demander-une-soumission\/","og_site_name":"Plancher Ultime | Installation, sablage et pose de planchers \u00e0 Lanaudi\u00e8re","article_modified_time":"2025-10-03T19:43:40+00:00","twitter_card":"summary_large_image","twitter_misc":{"Dur\u00e9e de lecture estim\u00e9e":"1 minute"},"schema":{"@context":"https:\/\/schema.org","@graph":[{"@type":"WebPage","@id":"https:\/\/www.plancherultime.com\/demander-une-soumission\/","url":"https:\/\/www.plancherultime.com\/demander-une-soumission\/","name":"DEMANDER UNE SOUMISSION - Plancher Ultime | Installation, sablage et pose de planchers \u00e0 Lanaudi\u00e8re","isPartOf":{"@id":"https:\/\/www.plancherultime.com\/#website"},"datePublished":"2025-10-03T15:29:55+00:00","dateModified":"2025-10-03T19:43:40+00:00","description":"Obtenez une soumission gratuite et rapide pour l\u2019installation ou la r\u00e9novation de vos planchers : flottant, vinyle, bois franc, c\u00e9ramique. Service partout \u00e0 Lanaudi\u00e8re.","breadcrumb":{"@id":"https:\/\/www.plancherultime.com\/demander-une-soumission\/#breadcrumb"},"inLanguage":"fr-FR","potentialAction":[{"@type":"ReadAction","target":["https:\/\/www.plancherultime.com\/demander-une-soumission\/"]}]},{"@type":"BreadcrumbList","@id":"https:\/\/www.plancherultime.com\/demander-une-soumission\/#breadcrumb","itemListElement":[{"@type":"ListItem","position":1,"name":"Accueil","item":"https:\/\/www.plancherultime.com\/"},{"@type":"ListItem","position":2,"name":"DEMANDER UNE SOUMISSION"}]},{"@type":"WebSite","@id":"https:\/\/www.plancherultime.com\/#website","url":"https:\/\/www.plancherultime.com\/","name":"Plancher Ultime | Installation, sablage et pose de planchers \u00e0 Lanaudi\u00e8re","description":"","potentialAction":[{"@type":"SearchAction","target":{"@type":"EntryPoint","urlTemplate":"https:\/\/www.plancherultime.com\/?s={search_term_string}"},"query-input":{"@type":"PropertyValueSpecification","valueRequired":true,"valueName":"search_term_string"}}],"inLanguage":"fr-FR"}]}},"_links":{"self":[{"href":"https:\/\/www.plancherultime.com\/fr\/wp-json\/wp\/v2\/pages\/125","targetHints":{"allow":["GET"]}}],"collection":[{"href":"https:\/\/www.plancherultime.com\/fr\/wp-json\/wp\/v2\/pages"}],"about":[{"href":"https:\/\/www.plancherultime.com\/fr\/wp-json\/wp\/v2\/types\/page"}],"author":[{"embeddable":true,"href":"https:\/\/www.plancherultime.com\/fr\/wp-json\/wp\/v2\/users\/1"}],"replies":[{"embeddable":true,"href":"https:\/\/www.plancherultime.com\/fr\/wp-json\/wp\/v2\/comments?post=125"}],"version-history":[{"count":8,"href":"https:\/\/www.plancherultime.com\/fr\/wp-json\/wp\/v2\/pages\/125\/revisions"}],"predecessor-version":[{"id":215,"href":"https:\/\/www.plancherultime.com\/fr\/wp-json\/wp\/v2\/pages\/125\/revisions\/215"}],"wp:attachment":[{"href":"https:\/\/www.plancherultime.com\/fr\/wp-json\/wp\/v2\/media?parent=125"}],"curies":[{"name":"wp","href":"https:\/\/api.w.org\/{rel}","templated":true}]}}